{"id":2361,"date":"2023-07-24T09:41:33","date_gmt":"2023-07-24T07:41:33","guid":{"rendered":"https:\/\/website.shizen.ovh\/fonctionnalites\/integration\/"},"modified":"2023-09-28T14:46:31","modified_gmt":"2023-09-28T12:46:31","slug":"integration","status":"publish","type":"page","link":"https:\/\/shizen.io\/en\/features\/integration\/","title":{"rendered":"Integration"},"content":{"rendered":"\t\t<div data-elementor-type=\"wp-page\" data-elementor-id=\"2361\" class=\"elementor elementor-2361 elementor-300\" data-elementor-post-type=\"page\">\n\t\t\t\t<div class=\"elementor-element elementor-element-37552152 e-flex e-con-boxed e-con e-parent\" data-id=\"37552152\" data-element_type=\"container\" data-e-type=\"container\" data-settings=\"{&quot;background_background&quot;:&quot;classic&quot;}\">\n\t\t\t\t\t<div class=\"e-con-inner\">\n\t\t<div class=\"elementor-element elementor-element-17ab96a0 e-flex e-con-boxed e-con e-child\" data-id=\"17ab96a0\" data-element_type=\"container\" data-e-type=\"container\">\n\t\t\t\t\t<div class=\"e-con-inner\">\n\t\t\t\t<div class=\"elementor-element elementor-element-451b093c elementor-widget elementor-widget-heading\" data-id=\"451b093c\" data-element_type=\"widget\" data-e-type=\"widget\" data-widget_type=\"heading.default\">\n\t\t\t\t<div class=\"elementor-widget-container\">\n\t\t\t\t\t<div class=\"elementor-heading-title elementor-size-default\">FEATURES\u200b<\/div>\t\t\t\t<\/div>\n\t\t\t\t<\/div>\n\t\t\t\t<div class=\"elementor-element elementor-element-70f6cf51 elementor-widget elementor-widget-heading\" data-id=\"70f6cf51\" data-element_type=\"widget\" data-e-type=\"widget\" data-widget_type=\"heading.default\">\n\t\t\t\t<div class=\"elementor-widget-container\">\n\t\t\t\t\t<h1 class=\"elementor-heading-title elementor-size-default\"><b>Integration<\/b><\/h1>\t\t\t\t<\/div>\n\t\t\t\t<\/div>\n\t\t\t\t<div class=\"elementor-element elementor-element-2fc65a95 elementor-widget elementor-widget-heading\" data-id=\"2fc65a95\" data-element_type=\"widget\" data-e-type=\"widget\" data-widget_type=\"heading.default\">\n\t\t\t\t<div class=\"elementor-widget-container\">\n\t\t\t\t\t<p class=\"elementor-heading-title elementor-size-default\">Perpetuate data exchanges between software<\/p>\t\t\t\t<\/div>\n\t\t\t\t<\/div>\n\t\t\t\t\t<\/div>\n\t\t\t\t<\/div>\n\t\t\t\t<div class=\"elementor-element elementor-element-169b5c18 elementor-widget elementor-widget-image\" data-id=\"169b5c18\" data-element_type=\"widget\" data-e-type=\"widget\" data-widget_type=\"image.default\">\n\t\t\t\t<div class=\"elementor-widget-container\">\n\t\t\t\t\t\t\t\t\t\t\t\t\t\t\t<img fetchpriority=\"high\" decoding=\"async\" width=\"800\" height=\"295\" src=\"https:\/\/shizen.io\/wp-content\/uploads\/2023\/07\/api_horizontal-1024x378.webp\" class=\"attachment-large size-large wp-image-2055\" alt=\"integration\" srcset=\"https:\/\/shizen.io\/wp-content\/uploads\/2023\/07\/api_horizontal-1024x378.webp 1024w, https:\/\/shizen.io\/wp-content\/uploads\/2023\/07\/api_horizontal-300x111.webp 300w, https:\/\/shizen.io\/wp-content\/uploads\/2023\/07\/api_horizontal-768x283.webp 768w, https:\/\/shizen.io\/wp-content\/uploads\/2023\/07\/api_horizontal.webp 1505w\" sizes=\"(max-width: 800px) 100vw, 800px\" \/>\t\t\t\t\t\t\t\t\t\t\t\t\t\t\t<\/div>\n\t\t\t\t<\/div>\n\t\t<div class=\"elementor-element elementor-element-674d2d00 e-flex e-con-boxed e-con e-child\" data-id=\"674d2d00\" data-element_type=\"container\" data-e-type=\"container\">\n\t\t\t\t\t<div class=\"e-con-inner\">\n\t\t\t\t<div class=\"elementor-element elementor-element-6e36afe9 elementor-widget elementor-widget-heading\" data-id=\"6e36afe9\" data-element_type=\"widget\" data-e-type=\"widget\" data-widget_type=\"heading.default\">\n\t\t\t\t<div class=\"elementor-widget-container\">\n\t\t\t\t\t<h2 class=\"elementor-heading-title elementor-size-default\">What is an <b>API <\/b>?<\/h2>\t\t\t\t<\/div>\n\t\t\t\t<\/div>\n\t\t\t\t<div class=\"elementor-element elementor-element-3efbaf82 elementor-widget elementor-widget-text-editor\" data-id=\"3efbaf82\" data-element_type=\"widget\" data-e-type=\"widget\" data-widget_type=\"text-editor.default\">\n\t\t\t\t<div class=\"elementor-widget-container\">\n\t\t\t\t\t\t\t\t\t<p><b>The Shizen API<\/b> is a feature that allows the software you use in your organization to <b>exchange information with Shizen<\/b> and automate certain tasks.<\/p><p>It is an intermediary between 2 parties: which allows you to synchronize existing data from your MES, ERP, PowerBI, etc. with Shizen. The API allows the transfer of this data and its proper interpretation.<\/p>\t\t\t\t\t\t\t\t<\/div>\n\t\t\t\t<\/div>\n\t\t\t\t\t<\/div>\n\t\t\t\t<\/div>\n\t\t\t\t\t<\/div>\n\t\t\t\t<\/div>\n\t\t<div class=\"elementor-element elementor-element-5dc4856b e-flex e-con-boxed e-con e-parent\" data-id=\"5dc4856b\" data-element_type=\"container\" data-e-type=\"container\">\n\t\t\t\t\t<div class=\"e-con-inner\">\n\t\t\t\t<div class=\"elementor-element elementor-element-c123b80 elementor-widget elementor-widget-heading\" data-id=\"c123b80\" data-element_type=\"widget\" data-e-type=\"widget\" data-widget_type=\"heading.default\">\n\t\t\t\t<div class=\"elementor-widget-container\">\n\t\t\t\t\t<h2 class=\"elementor-heading-title elementor-size-default\">What issues does <b>the API<\/b> address?<\/h2>\t\t\t\t<\/div>\n\t\t\t\t<\/div>\n\t\t<div class=\"elementor-element elementor-element-219a6bb3 e-grid e-con-boxed e-con e-child\" data-id=\"219a6bb3\" data-element_type=\"container\" data-e-type=\"container\">\n\t\t\t\t\t<div class=\"e-con-inner\">\n\t\t<div class=\"elementor-element elementor-element-7ba99f4b e-con-full e-flex e-con e-child\" data-id=\"7ba99f4b\" data-element_type=\"container\" data-e-type=\"container\" data-settings=\"{&quot;background_background&quot;:&quot;classic&quot;}\">\n\t\t<div class=\"elementor-element elementor-element-272d4ce0 e-flex e-con-boxed e-con e-child\" data-id=\"272d4ce0\" data-element_type=\"container\" data-e-type=\"container\">\n\t\t\t\t\t<div class=\"e-con-inner\">\n\t\t<div class=\"elementor-element elementor-element-64924f49 e-con-full e-flex e-con e-child\" data-id=\"64924f49\" data-element_type=\"container\" data-e-type=\"container\" data-settings=\"{&quot;background_background&quot;:&quot;classic&quot;}\">\n\t\t\t\t<div class=\"elementor-element elementor-element-6036cdd3 elementor-widget elementor-widget-image\" data-id=\"6036cdd3\" data-element_type=\"widget\" data-e-type=\"widget\" data-widget_type=\"image.default\">\n\t\t\t\t<div class=\"elementor-widget-container\">\n\t\t\t\t\t\t\t\t\t\t\t\t\t\t\t<img decoding=\"async\" width=\"800\" height=\"824\" src=\"https:\/\/shizen.io\/wp-content\/uploads\/2023\/07\/database.svg\" class=\"attachment-large size-large wp-image-2056\" alt=\"\" \/>\t\t\t\t\t\t\t\t\t\t\t\t\t\t\t<\/div>\n\t\t\t\t<\/div>\n\t\t\t\t<\/div>\n\t\t\t\t<div class=\"elementor-element elementor-element-f39c43b elementor-widget elementor-widget-heading\" data-id=\"f39c43b\" data-element_type=\"widget\" data-e-type=\"widget\" data-widget_type=\"heading.default\">\n\t\t\t\t<div class=\"elementor-widget-container\">\n\t\t\t\t\t<span class=\"elementor-heading-title elementor-size-default\"><b>Non-use of<\/b><br><b> data<\/b><\/span>\t\t\t\t<\/div>\n\t\t\t\t<\/div>\n\t\t\t\t\t<\/div>\n\t\t\t\t<\/div>\n\t\t\t\t<div class=\"elementor-element elementor-element-7eed5194 elementor-widget elementor-widget-text-editor\" data-id=\"7eed5194\" data-element_type=\"widget\" data-e-type=\"widget\" data-widget_type=\"text-editor.default\">\n\t\t\t\t<div class=\"elementor-widget-container\">\n\t\t\t\t\t\t\t\t\tShizen s&#8217;interface parfaitement \u00e0 vos MES en exploitant les donn\u00e9es pour r\u00e9soudre les probl\u00e8mes.\t\t\t\t\t\t\t\t<\/div>\n\t\t\t\t<\/div>\n\t\t\t\t<\/div>\n\t\t<div class=\"elementor-element elementor-element-5721f672 e-con-full e-flex e-con e-child\" data-id=\"5721f672\" data-element_type=\"container\" data-e-type=\"container\" data-settings=\"{&quot;background_background&quot;:&quot;classic&quot;}\">\n\t\t<div class=\"elementor-element elementor-element-57dba754 e-flex e-con-boxed e-con e-child\" data-id=\"57dba754\" data-element_type=\"container\" data-e-type=\"container\">\n\t\t\t\t\t<div class=\"e-con-inner\">\n\t\t<div class=\"elementor-element elementor-element-7de54101 e-con-full e-flex e-con e-child\" data-id=\"7de54101\" data-element_type=\"container\" data-e-type=\"container\" data-settings=\"{&quot;background_background&quot;:&quot;classic&quot;}\">\n\t\t\t\t<div class=\"elementor-element elementor-element-30920fc0 elementor-widget elementor-widget-image\" data-id=\"30920fc0\" data-element_type=\"widget\" data-e-type=\"widget\" data-widget_type=\"image.default\">\n\t\t\t\t<div class=\"elementor-widget-container\">\n\t\t\t\t\t\t\t\t\t\t\t\t\t\t\t<img decoding=\"async\" width=\"800\" height=\"824\" src=\"https:\/\/shizen.io\/wp-content\/uploads\/2023\/07\/chat-alt-2.svg\" class=\"attachment-large size-large wp-image-2057\" alt=\"\" \/>\t\t\t\t\t\t\t\t\t\t\t\t\t\t\t<\/div>\n\t\t\t\t<\/div>\n\t\t\t\t<\/div>\n\t\t\t\t<div class=\"elementor-element elementor-element-6f5d79e8 elementor-widget elementor-widget-heading\" data-id=\"6f5d79e8\" data-element_type=\"widget\" data-e-type=\"widget\" data-widget_type=\"heading.default\">\n\t\t\t\t<div class=\"elementor-widget-container\">\n\t\t\t\t\t<span class=\"elementor-heading-title elementor-size-default\"><b>The lack of communication<\/b><\/span>\t\t\t\t<\/div>\n\t\t\t\t<\/div>\n\t\t\t\t\t<\/div>\n\t\t\t\t<\/div>\n\t\t\t\t<div class=\"elementor-element elementor-element-6351955 elementor-widget elementor-widget-text-editor\" data-id=\"6351955\" data-element_type=\"widget\" data-e-type=\"widget\" data-widget_type=\"text-editor.default\">\n\t\t\t\t<div class=\"elementor-widget-container\">\n\t\t\t\t\t\t\t\t\tShizen can communicate with other software (CMMS type) to eradicate problems in the workshop.\t\t\t\t\t\t\t\t<\/div>\n\t\t\t\t<\/div>\n\t\t\t\t<\/div>\n\t\t<div class=\"elementor-element elementor-element-1fe50ecc e-con-full e-flex e-con e-child\" data-id=\"1fe50ecc\" data-element_type=\"container\" data-e-type=\"container\" data-settings=\"{&quot;background_background&quot;:&quot;classic&quot;}\">\n\t\t<div class=\"elementor-element elementor-element-2364a12a e-flex e-con-boxed e-con e-child\" data-id=\"2364a12a\" data-element_type=\"container\" data-e-type=\"container\">\n\t\t\t\t\t<div class=\"e-con-inner\">\n\t\t<div class=\"elementor-element elementor-element-31152ef0 e-con-full e-flex e-con e-child\" data-id=\"31152ef0\" data-element_type=\"container\" data-e-type=\"container\" data-settings=\"{&quot;background_background&quot;:&quot;classic&quot;}\">\n\t\t\t\t<div class=\"elementor-element elementor-element-1b198376 elementor-widget elementor-widget-image\" data-id=\"1b198376\" data-element_type=\"widget\" data-e-type=\"widget\" data-widget_type=\"image.default\">\n\t\t\t\t<div class=\"elementor-widget-container\">\n\t\t\t\t\t\t\t\t\t\t\t\t\t\t\t<img loading=\"lazy\" decoding=\"async\" width=\"800\" height=\"824\" src=\"https:\/\/shizen.io\/wp-content\/uploads\/2023\/07\/Hourglass.svg\" class=\"attachment-large size-large wp-image-2058\" alt=\"\" \/>\t\t\t\t\t\t\t\t\t\t\t\t\t\t\t<\/div>\n\t\t\t\t<\/div>\n\t\t\t\t<\/div>\n\t\t\t\t<div class=\"elementor-element elementor-element-57f58ea1 elementor-widget elementor-widget-heading\" data-id=\"57f58ea1\" data-element_type=\"widget\" data-e-type=\"widget\" data-widget_type=\"heading.default\">\n\t\t\t\t<div class=\"elementor-widget-container\">\n\t\t\t\t\t<span class=\"elementor-heading-title elementor-size-default\"><b>Lost time<\/b><\/span>\t\t\t\t<\/div>\n\t\t\t\t<\/div>\n\t\t\t\t\t<\/div>\n\t\t\t\t<\/div>\n\t\t\t\t<div class=\"elementor-element elementor-element-25107d86 elementor-widget elementor-widget-text-editor\" data-id=\"25107d86\" data-element_type=\"widget\" data-e-type=\"widget\" data-widget_type=\"text-editor.default\">\n\t\t\t\t<div class=\"elementor-widget-container\">\n\t\t\t\t\t\t\t\t\tShizen connects directly to your existing indicators, avoiding any re-entry.\t\t\t\t\t\t\t\t<\/div>\n\t\t\t\t<\/div>\n\t\t\t\t<\/div>\n\t\t<div class=\"elementor-element elementor-element-5b080df4 e-con-full e-flex e-con e-child\" data-id=\"5b080df4\" data-element_type=\"container\" data-e-type=\"container\" data-settings=\"{&quot;background_background&quot;:&quot;classic&quot;}\">\n\t\t<div class=\"elementor-element elementor-element-1584bb4c e-flex e-con-boxed e-con e-child\" data-id=\"1584bb4c\" data-element_type=\"container\" data-e-type=\"container\">\n\t\t\t\t\t<div class=\"e-con-inner\">\n\t\t<div class=\"elementor-element elementor-element-2fa37736 e-con-full e-flex e-con e-child\" data-id=\"2fa37736\" data-element_type=\"container\" data-e-type=\"container\" data-settings=\"{&quot;background_background&quot;:&quot;classic&quot;}\">\n\t\t\t\t<div class=\"elementor-element elementor-element-6c640c8b elementor-widget elementor-widget-image\" data-id=\"6c640c8b\" data-element_type=\"widget\" data-e-type=\"widget\" data-widget_type=\"image.default\">\n\t\t\t\t<div class=\"elementor-widget-container\">\n\t\t\t\t\t\t\t\t\t\t\t\t\t\t\t<img loading=\"lazy\" decoding=\"async\" width=\"800\" height=\"824\" src=\"https:\/\/shizen.io\/wp-content\/uploads\/2023\/07\/x-circle.svg\" class=\"attachment-large size-large wp-image-2059\" alt=\"\" \/>\t\t\t\t\t\t\t\t\t\t\t\t\t\t\t<\/div>\n\t\t\t\t<\/div>\n\t\t\t\t<\/div>\n\t\t\t\t<div class=\"elementor-element elementor-element-60fd1ffc elementor-widget elementor-widget-heading\" data-id=\"60fd1ffc\" data-element_type=\"widget\" data-e-type=\"widget\" data-widget_type=\"heading.default\">\n\t\t\t\t<div class=\"elementor-widget-container\">\n\t\t\t\t\t<span class=\"elementor-heading-title elementor-size-default\"><b>Type errors<\/b><\/span>\t\t\t\t<\/div>\n\t\t\t\t<\/div>\n\t\t\t\t\t<\/div>\n\t\t\t\t<\/div>\n\t\t\t\t<div class=\"elementor-element elementor-element-12f0d390 elementor-widget elementor-widget-text-editor\" data-id=\"12f0d390\" data-element_type=\"widget\" data-e-type=\"widget\" data-widget_type=\"text-editor.default\">\n\t\t\t\t<div class=\"elementor-widget-container\">\n\t\t\t\t\t\t\t\t\tBy connecting Shizen through the API, you will ensure the integrity of the data you wish to exchange with confidence.\t\t\t\t\t\t\t\t<\/div>\n\t\t\t\t<\/div>\n\t\t\t\t<\/div>\n\t\t\t\t\t<\/div>\n\t\t\t\t<\/div>\n\t\t\t\t\t<\/div>\n\t\t\t\t<\/div>\n\t\t<div class=\"elementor-element elementor-element-63f088f0 e-flex e-con-boxed e-con e-parent\" data-id=\"63f088f0\" data-element_type=\"container\" data-e-type=\"container\">\n\t\t\t\t\t<div class=\"e-con-inner\">\n\t\t<div class=\"elementor-element elementor-element-59b090bb e-flex e-con-boxed e-con e-child\" data-id=\"59b090bb\" data-element_type=\"container\" data-e-type=\"container\">\n\t\t\t\t\t<div class=\"e-con-inner\">\n\t\t\t\t<div class=\"elementor-element elementor-element-334797a8 elementor-widget elementor-widget-heading\" data-id=\"334797a8\" data-element_type=\"widget\" data-e-type=\"widget\" data-widget_type=\"heading.default\">\n\t\t\t\t<div class=\"elementor-widget-container\">\n\t\t\t\t\t<h2 class=\"elementor-heading-title elementor-size-default\"><b>The API<\/b> allows <b>forks<\/b> with <b>other tools<\/b>\n  used in your plant<\/h2>\t\t\t\t<\/div>\n\t\t\t\t<\/div>\n\t\t\t\t\t<\/div>\n\t\t\t\t<\/div>\n\t\t\t\t<div class=\"elementor-element elementor-element-2a676886 elementor-widget elementor-widget-image\" data-id=\"2a676886\" data-element_type=\"widget\" data-e-type=\"widget\" data-widget_type=\"image.default\">\n\t\t\t\t<div class=\"elementor-widget-container\">\n\t\t\t\t\t\t\t\t\t\t\t\t\t\t\t<img loading=\"lazy\" decoding=\"async\" width=\"1536\" height=\"365\" src=\"https:\/\/shizen.io\/wp-content\/uploads\/2023\/07\/factory-1536x365.webp\" class=\"attachment-1536x1536 size-1536x1536 wp-image-2060\" alt=\"\" srcset=\"https:\/\/shizen.io\/wp-content\/uploads\/2023\/07\/factory-1536x365.webp 1536w, https:\/\/shizen.io\/wp-content\/uploads\/2023\/07\/factory-300x71.webp 300w, https:\/\/shizen.io\/wp-content\/uploads\/2023\/07\/factory-1024x243.webp 1024w, https:\/\/shizen.io\/wp-content\/uploads\/2023\/07\/factory-768x182.webp 768w, https:\/\/shizen.io\/wp-content\/uploads\/2023\/07\/factory.webp 1940w\" sizes=\"(max-width: 1536px) 100vw, 1536px\" \/>\t\t\t\t\t\t\t\t\t\t\t\t\t\t\t<\/div>\n\t\t\t\t<\/div>\n\t\t<div class=\"elementor-element elementor-element-3f273b95 e-flex e-con-boxed e-con e-child\" data-id=\"3f273b95\" data-element_type=\"container\" data-e-type=\"container\">\n\t\t\t\t\t<div class=\"e-con-inner\">\n\t\t\t\t<div class=\"elementor-element elementor-element-7438662c elementor-widget elementor-widget-heading\" data-id=\"7438662c\" data-element_type=\"widget\" data-e-type=\"widget\" data-widget_type=\"heading.default\">\n\t\t\t\t<div class=\"elementor-widget-container\">\n\t\t\t\t\t<h2 class=\"elementor-heading-title elementor-size-default\">What does it <b>bring<\/b>?<\/h2>\t\t\t\t<\/div>\n\t\t\t\t<\/div>\n\t\t\t\t<div class=\"elementor-element elementor-element-7d55805b elementor-widget elementor-widget-text-editor\" data-id=\"7d55805b\" data-element_type=\"widget\" data-e-type=\"widget\" data-widget_type=\"text-editor.default\">\n\t\t\t\t<div class=\"elementor-widget-container\">\n\t\t\t\t\t\t\t\t\t<p>The API makes life easier for your <b> collaborators <\/b> by saving them time and energy by avoiding repetitive tasks.<\/p><p>This avoids <b>re-entries<\/b> and therefore a potential loss of information due to the manual filling of data from machines.<\/p><p>In addition, the API allows you to do things that were not possible before, for example: importing a massive data stream directly into a Shizen indicator from an ERP.<\/p>\t\t\t\t\t\t\t\t<\/div>\n\t\t\t\t<\/div>\n\t\t\t\t\t<\/div>\n\t\t\t\t<\/div>\n\t\t\t\t\t<\/div>\n\t\t\t\t<\/div>\n\t\t<div class=\"elementor-element elementor-element-7a5208e4 e-flex e-con-boxed e-con e-parent\" data-id=\"7a5208e4\" data-element_type=\"container\" data-e-type=\"container\">\n\t\t\t\t\t<div class=\"e-con-inner\">\n\t\t<div class=\"elementor-element elementor-element-4282a62c e-flex e-con-boxed e-con e-child\" data-id=\"4282a62c\" data-element_type=\"container\" data-e-type=\"container\" data-settings=\"{&quot;background_background&quot;:&quot;classic&quot;}\">\n\t\t\t\t\t<div class=\"e-con-inner\">\n\t\t<div class=\"elementor-element elementor-element-4b49d871 e-grid e-con-boxed e-con e-child\" data-id=\"4b49d871\" data-element_type=\"container\" data-e-type=\"container\">\n\t\t\t\t\t<div class=\"e-con-inner\">\n\t\t<div class=\"elementor-element elementor-element-7db297ff e-flex e-con-boxed e-con e-child\" data-id=\"7db297ff\" data-element_type=\"container\" data-e-type=\"container\">\n\t\t\t\t\t<div class=\"e-con-inner\">\n\t\t<div class=\"elementor-element elementor-element-3f9db97c e-flex e-con-boxed e-con e-child\" data-id=\"3f9db97c\" data-element_type=\"container\" data-e-type=\"container\">\n\t\t\t\t\t<div class=\"e-con-inner\">\n\t\t\t\t<div class=\"elementor-element elementor-element-3710a45b elementor-widget-laptop__width-initial elementor-widget elementor-widget-image\" data-id=\"3710a45b\" data-element_type=\"widget\" data-e-type=\"widget\" data-widget_type=\"image.default\">\n\t\t\t\t<div class=\"elementor-widget-container\">\n\t\t\t\t\t\t\t\t\t\t\t\t\t\t\t<img loading=\"lazy\" decoding=\"async\" width=\"800\" height=\"800\" src=\"https:\/\/shizen.io\/wp-content\/uploads\/2023\/07\/exchange.svg\" class=\"attachment-large size-large wp-image-2061\" alt=\"\" \/>\t\t\t\t\t\t\t\t\t\t\t\t\t\t\t<\/div>\n\t\t\t\t<\/div>\n\t\t\t\t<div class=\"elementor-element elementor-element-1e2e9ee5 elementor-widget elementor-widget-heading\" data-id=\"1e2e9ee5\" data-element_type=\"widget\" data-e-type=\"widget\" data-widget_type=\"heading.default\">\n\t\t\t\t<div class=\"elementor-widget-container\">\n\t\t\t\t\t<h3 class=\"elementor-heading-title elementor-size-default\"><b>Automatiser des \u00e9changes de donn\u00e9es en instantan\u00e9<\/b><\/h3>\t\t\t\t<\/div>\n\t\t\t\t<\/div>\n\t\t\t\t\t<\/div>\n\t\t\t\t<\/div>\n\t\t\t\t<div class=\"elementor-element elementor-element-52138e51 elementor-widget elementor-widget-text-editor\" data-id=\"52138e51\" data-element_type=\"widget\" data-e-type=\"widget\" data-widget_type=\"text-editor.default\">\n\t\t\t\t<div class=\"elementor-widget-container\">\n\t\t\t\t\t\t\t\t\t<p>Shizen offers a powerful API that allows data to be fully exploited.<\/p><p>Through its API, Shizen facilitates seamless integration with other systems, enabling seamless consolidation of data from different sources. This makes it easy to identify opportunities for improvement and optimization, and offers a significant gain in performance and productivity.<\/p>\t\t\t\t\t\t\t\t<\/div>\n\t\t\t\t<\/div>\n\t\t\t\t\t<\/div>\n\t\t\t\t<\/div>\n\t\t<div class=\"elementor-element elementor-element-4a9a9499 e-flex e-con-boxed e-con e-child\" data-id=\"4a9a9499\" data-element_type=\"container\" data-e-type=\"container\">\n\t\t\t\t\t<div class=\"e-con-inner\">\n\t\t<div class=\"elementor-element elementor-element-2f28d7c e-flex e-con-boxed e-con e-child\" data-id=\"2f28d7c\" data-element_type=\"container\" data-e-type=\"container\">\n\t\t\t\t\t<div class=\"e-con-inner\">\n\t\t\t\t<div class=\"elementor-element elementor-element-5ab5213b elementor-widget-laptop__width-initial elementor-widget elementor-widget-image\" data-id=\"5ab5213b\" data-element_type=\"widget\" data-e-type=\"widget\" data-widget_type=\"image.default\">\n\t\t\t\t<div class=\"elementor-widget-container\">\n\t\t\t\t\t\t\t\t\t\t\t\t\t\t\t<img loading=\"lazy\" decoding=\"async\" width=\"800\" height=\"800\" src=\"https:\/\/shizen.io\/wp-content\/uploads\/2023\/07\/performance.svg\" class=\"attachment-large size-large wp-image-2062\" alt=\"\" \/>\t\t\t\t\t\t\t\t\t\t\t\t\t\t\t<\/div>\n\t\t\t\t<\/div>\n\t\t\t\t<div class=\"elementor-element elementor-element-1315e302 elementor-widget elementor-widget-heading\" data-id=\"1315e302\" data-element_type=\"widget\" data-e-type=\"widget\" data-widget_type=\"heading.default\">\n\t\t\t\t<div class=\"elementor-widget-container\">\n\t\t\t\t\t<h3 class=\"elementor-heading-title elementor-size-default\"><b>Fill in performance data directly from machines<\/b><\/h3>\t\t\t\t<\/div>\n\t\t\t\t<\/div>\n\t\t\t\t\t<\/div>\n\t\t\t\t<\/div>\n\t\t\t\t<div class=\"elementor-element elementor-element-3f3b66f5 elementor-widget elementor-widget-text-editor\" data-id=\"3f3b66f5\" data-element_type=\"widget\" data-e-type=\"widget\" data-widget_type=\"text-editor.default\">\n\t\t\t\t<div class=\"elementor-widget-container\">\n\t\t\t\t\t\t\t\t\t<p>Eliminate tedious manual tasks. This automation maximizes operational efficiency by reducing potential errors. Through seamless integration, critical information is captured in real time, enabling teams to make informed decisions instantly.<\/p><p>Fast and accurate access to machine performance data boosts overall business productivity.<\/p>\t\t\t\t\t\t\t\t<\/div>\n\t\t\t\t<\/div>\n\t\t\t\t\t<\/div>\n\t\t\t\t<\/div>\n\t\t<div class=\"elementor-element elementor-element-ef7ff99 e-flex e-con-boxed e-con e-child\" data-id=\"ef7ff99\" data-element_type=\"container\" data-e-type=\"container\">\n\t\t\t\t\t<div class=\"e-con-inner\">\n\t\t<div class=\"elementor-element elementor-element-3201013f e-flex e-con-boxed e-con e-child\" data-id=\"3201013f\" data-element_type=\"container\" data-e-type=\"container\">\n\t\t\t\t\t<div class=\"e-con-inner\">\n\t\t\t\t<div class=\"elementor-element elementor-element-6aac1790 elementor-widget-laptop__width-initial elementor-widget elementor-widget-image\" data-id=\"6aac1790\" data-element_type=\"widget\" data-e-type=\"widget\" data-widget_type=\"image.default\">\n\t\t\t\t<div class=\"elementor-widget-container\">\n\t\t\t\t\t\t\t\t\t\t\t\t\t\t\t<img loading=\"lazy\" decoding=\"async\" width=\"800\" height=\"800\" src=\"https:\/\/shizen.io\/wp-content\/uploads\/2023\/07\/synchrone.svg\" class=\"attachment-large size-large wp-image-2064\" alt=\"\" \/>\t\t\t\t\t\t\t\t\t\t\t\t\t\t\t<\/div>\n\t\t\t\t<\/div>\n\t\t\t\t<div class=\"elementor-element elementor-element-afa62dc elementor-widget elementor-widget-heading\" data-id=\"afa62dc\" data-element_type=\"widget\" data-e-type=\"widget\" data-widget_type=\"heading.default\">\n\t\t\t\t<div class=\"elementor-widget-container\">\n\t\t\t\t\t<h3 class=\"elementor-heading-title elementor-size-default\"><b>Synchronize an existing database<\/b><\/h3>\t\t\t\t<\/div>\n\t\t\t\t<\/div>\n\t\t\t\t\t<\/div>\n\t\t\t\t<\/div>\n\t\t\t\t<div class=\"elementor-element elementor-element-3cce06bb elementor-widget elementor-widget-text-editor\" data-id=\"3cce06bb\" data-element_type=\"widget\" data-e-type=\"widget\" data-widget_type=\"text-editor.default\">\n\t\t\t\t<div class=\"elementor-widget-container\">\n\t\t\t\t\t\t\t\t\tEnsure a smooth consolidation of information. The integration guarantees data consistency, avoiding redundancies and potential errors. Thanks to this synchronization, the teams have access to updated data in real time, thus facilitating decision-making and the rapid identification of problems.\t\t\t\t\t\t\t\t<\/div>\n\t\t\t\t<\/div>\n\t\t\t\t\t<\/div>\n\t\t\t\t<\/div>\n\t\t\t\t\t<\/div>\n\t\t\t\t<\/div>\n\t\t\t\t\t<\/div>\n\t\t\t\t<\/div>\n\t\t\t\t\t<\/div>\n\t\t\t\t<\/div>\n\t\t\t\t<\/div>\n\t\t","protected":false},"excerpt":{"rendered":"<p>FEATURES\u200b Integration Perpetuate data exchanges between software What is an API ? The Shizen API is a feature that allows the software you use in your organization to exchange information with Shizen and automate certain tasks. It is an intermediary between 2 parties: which allows you to synchronize existing data from your MES, ERP, PowerBI, [&hellip;]<\/p>\n","protected":false},"author":1,"featured_media":0,"parent":2359,"menu_order":0,"comment_status":"closed","ping_status":"closed","template":"","meta":{"_acf_changed":false,"inline_featured_image":false,"_monsterinsights_skip_tracking":false,"_monsterinsights_sitenote_active":false,"_monsterinsights_sitenote_note":"","_monsterinsights_sitenote_category":0,"footnotes":""},"class_list":["post-2361","page","type-page","status-publish","hentry"],"acf":[],"_links":{"self":[{"href":"https:\/\/shizen.io\/en\/wp-json\/wp\/v2\/pages\/2361","targetHints":{"allow":["GET"]}}],"collection":[{"href":"https:\/\/shizen.io\/en\/wp-json\/wp\/v2\/pages"}],"about":[{"href":"https:\/\/shizen.io\/en\/wp-json\/wp\/v2\/types\/page"}],"author":[{"embeddable":true,"href":"https:\/\/shizen.io\/en\/wp-json\/wp\/v2\/users\/1"}],"replies":[{"embeddable":true,"href":"https:\/\/shizen.io\/en\/wp-json\/wp\/v2\/comments?post=2361"}],"version-history":[{"count":0,"href":"https:\/\/shizen.io\/en\/wp-json\/wp\/v2\/pages\/2361\/revisions"}],"up":[{"embeddable":true,"href":"https:\/\/shizen.io\/en\/wp-json\/wp\/v2\/pages\/2359"}],"wp:attachment":[{"href":"https:\/\/shizen.io\/en\/wp-json\/wp\/v2\/media?parent=2361"}],"curies":[{"name":"wp","href":"https:\/\/api.w.org\/{rel}","templated":true}]}}